{"id":7002,"date":"2025-07-26T03:36:27","date_gmt":"2025-07-25T23:36:27","guid":{"rendered":"https:\/\/lamouralanoud.com\/product\/creme-brulee-ms-%d9%85%d9%8a%d9%84%d9%83-%d8%b4%d9%8a%d9%83\/"},"modified":"2025-07-26T03:36:35","modified_gmt":"2025-07-25T23:36:35","slug":"creme-brulee-ms-%d9%85%d9%8a%d9%84%d9%83-%d8%b4%d9%8a%d9%83","status":"publish","type":"product","link":"https:\/\/lamouralanoud.com\/ar\/product\/creme-brulee-ms-%d9%85%d9%8a%d9%84%d9%83-%d8%b4%d9%8a%d9%83\/","title":{"rendered":"Cr\u00e8me Br\u00fbl\u00e9e MS \u0645\u064a\u0644\u0643 \u0634\u064a\u0643"},"content":{"rendered":"","protected":false},"excerpt":{"rendered":"","protected":false},"featured_media":7001,"template":"","meta":[],"product_brand":[],"product_cat":[31],"product_tag":[],"class_list":{"0":"post-7002","1":"product","2":"type-product","3":"status-publish","4":"has-post-thumbnail","6":"product_cat-shower-gel","8":"first","9":"instock","10":"taxable","11":"shipping-taxable","12":"purchasable","13":"product-type-simple"},"_links":{"self":[{"href":"https:\/\/lamouralanoud.com\/ar\/wp-json\/wp\/v2\/product\/7002","targetHints":{"allow":["GET"]}}],"collection":[{"href":"https:\/\/lamouralanoud.com\/ar\/wp-json\/wp\/v2\/product"}],"about":[{"href":"https:\/\/lamouralanoud.com\/ar\/wp-json\/wp\/v2\/types\/product"}],"wp:featuredmedia":[{"embeddable":true,"href":"https:\/\/lamouralanoud.com\/ar\/wp-json\/wp\/v2\/media\/7001"}],"wp:attachment":[{"href":"https:\/\/lamouralanoud.com\/ar\/wp-json\/wp\/v2\/media?parent=7002"}],"wp:term":[{"taxonomy":"product_brand","embeddable":true,"href":"https:\/\/lamouralanoud.com\/ar\/wp-json\/wp\/v2\/product_brand?post=7002"},{"taxonomy":"product_cat","embeddable":true,"href":"https:\/\/lamouralanoud.com\/ar\/wp-json\/wp\/v2\/product_cat?post=7002"},{"taxonomy":"product_tag","embeddable":true,"href":"https:\/\/lamouralanoud.com\/ar\/wp-json\/wp\/v2\/product_tag?post=7002"}],"curies":[{"name":"wp","href":"https:\/\/api.w.org\/{rel}","templated":true}]}}